{"id":6120,"date":"2025-10-07T13:03:08","date_gmt":"2025-10-07T13:03:08","guid":{"rendered":"https:\/\/play.es\/?post_type=product&#038;p=6120"},"modified":"2026-03-19T09:37:36","modified_gmt":"2026-03-19T09:37:36","slug":"two-i-size-2025","status":"publish","type":"product","link":"https:\/\/play.es\/es\/producto\/two-i-size-2025\/","title":{"rendered":"\u00a1Nuevo! Two i-size"},"content":{"rendered":"<p>As\u00ed es la nueva Two i-Size, que combina seguridad avanzada con una practicidad optimizada para la vida diaria, gracias a su plegado ultracompacto, respaldo reclinable en 5 posiciones y cabezal multiposiciones.<\/p>\n","protected":false},"excerpt":{"rendered":"<p>Siempre lista para cualquier viaje, trayecto o aventura, sin complicaciones ni sorpresas.<\/p>\n","protected":false},"featured_media":6121,"comment_status":"closed","ping_status":"closed","template":"","meta":{"_acf_changed":false},"product_brand":[],"product_cat":[38,53],"product_tag":[],"class_list":{"0":"post-6120","1":"product","2":"type-product","3":"status-publish","4":"has-post-thumbnail","6":"product_cat-sillas-de-coche","7":"product_cat-ninos","9":"first","10":"instock","11":"purchasable","12":"product-type-simple"},"acf":[],"yoast_head":"<!-- This site is optimized with the Yoast SEO plugin v27.1.1 - https:\/\/yoast.com\/product\/yoast-seo-wordpress\/ -->\n<title>\u00a1Nuevo! Two i-size - Play<\/title>\n<meta name=\"description\" content=\"Two i-SIze (novedad 2025): silla de coche segura y c\u00f3moda para ser usada desde los 3 a los 12 a\u00f1os. Dispone de: cabezal ajustable, isofix extensible, dispositivo de protecci\u00f3n lateral SPS y tejido 3D transpirable.\" \/>\n<meta name=\"robots\" content=\"index, follow, max-snippet:-1, max-image-preview:large, max-video-preview:-1\" \/>\n<link rel=\"canonical\" href=\"https:\/\/play.es\/es\/producto\/two-i-size-2025\/\" \/>\n<meta property=\"og:locale\" content=\"es_ES\" \/>\n<meta property=\"og:type\" content=\"article\" \/>\n<meta property=\"og:title\" content=\"\u00a1Nuevo! Two i-size - Play\" \/>\n<meta property=\"og:description\" content=\"Two i-SIze (novedad 2025): silla de coche segura y c\u00f3moda para ser usada desde los 3 a los 12 a\u00f1os. Dispone de: cabezal ajustable, isofix extensible, dispositivo de protecci\u00f3n lateral SPS y tejido 3D transpirable.\" \/>\n<meta property=\"og:url\" content=\"https:\/\/play.es\/es\/producto\/two-i-size-2025\/\" \/>\n<meta property=\"og:site_name\" content=\"Play\" \/>\n<meta property=\"article:modified_time\" content=\"2026-03-19T09:37:36+00:00\" \/>\n<meta property=\"og:image\" content=\"https:\/\/play.es\/wp-content\/uploads\/30199twoisize3-4.webp\" \/>\n\t<meta property=\"og:image:width\" content=\"1000\" \/>\n\t<meta property=\"og:image:height\" content=\"1144\" \/>\n\t<meta property=\"og:image:type\" content=\"image\/webp\" \/>\n<meta name=\"twitter:card\" content=\"summary_large_image\" \/>\n<meta name=\"twitter:label1\" content=\"Tiempo de lectura\" \/>\n\t<meta name=\"twitter:data1\" content=\"1 minuto\" \/>\n<script type=\"application\/ld+json\" class=\"yoast-schema-graph\">{\"@context\":\"https:\/\/schema.org\",\"@graph\":[{\"@type\":\"WebPage\",\"@id\":\"https:\/\/play.es\/es\/producto\/two-i-size-2025\/\",\"url\":\"https:\/\/play.es\/es\/producto\/two-i-size-2025\/\",\"name\":\"\u00a1Nuevo! Two i-size - Play\",\"isPartOf\":{\"@id\":\"https:\/\/play.es\/es\/#website\"},\"primaryImageOfPage\":{\"@id\":\"https:\/\/play.es\/es\/producto\/two-i-size-2025\/#primaryimage\"},\"image\":{\"@id\":\"https:\/\/play.es\/es\/producto\/two-i-size-2025\/#primaryimage\"},\"thumbnailUrl\":\"https:\/\/play.es\/wp-content\/uploads\/30199twoisize3-4.webp\",\"datePublished\":\"2025-10-07T13:03:08+00:00\",\"dateModified\":\"2026-03-19T09:37:36+00:00\",\"description\":\"Two i-SIze (novedad 2025): silla de coche segura y c\u00f3moda para ser usada desde los 3 a los 12 a\u00f1os. Dispone de: cabezal ajustable, isofix extensible, dispositivo de protecci\u00f3n lateral SPS y tejido 3D transpirable.\",\"breadcrumb\":{\"@id\":\"https:\/\/play.es\/es\/producto\/two-i-size-2025\/#breadcrumb\"},\"inLanguage\":\"es\",\"potentialAction\":[{\"@type\":\"ReadAction\",\"target\":[\"https:\/\/play.es\/es\/producto\/two-i-size-2025\/\"]}]},{\"@type\":\"ImageObject\",\"inLanguage\":\"es\",\"@id\":\"https:\/\/play.es\/es\/producto\/two-i-size-2025\/#primaryimage\",\"url\":\"https:\/\/play.es\/wp-content\/uploads\/30199twoisize3-4.webp\",\"contentUrl\":\"https:\/\/play.es\/wp-content\/uploads\/30199twoisize3-4.webp\",\"width\":1000,\"height\":1144},{\"@type\":\"BreadcrumbList\",\"@id\":\"https:\/\/play.es\/es\/producto\/two-i-size-2025\/#breadcrumb\",\"itemListElement\":[{\"@type\":\"ListItem\",\"position\":1,\"name\":\"Portada\",\"item\":\"https:\/\/play.es\/es\/\"},{\"@type\":\"ListItem\",\"position\":2,\"name\":\"Tienda\",\"item\":\"https:\/\/play.es\/es\/tienda\/\"},{\"@type\":\"ListItem\",\"position\":3,\"name\":\"\u00a1Nuevo! Two i-size\"}]},{\"@type\":\"WebSite\",\"@id\":\"https:\/\/play.es\/es\/#website\",\"url\":\"https:\/\/play.es\/es\/\",\"name\":\"Play\",\"description\":\"\",\"publisher\":{\"@id\":\"https:\/\/play.es\/es\/#organization\"},\"potentialAction\":[{\"@type\":\"SearchAction\",\"target\":{\"@type\":\"EntryPoint\",\"urlTemplate\":\"https:\/\/play.es\/es\/?s={search_term_string}\"},\"query-input\":{\"@type\":\"PropertyValueSpecification\",\"valueRequired\":true,\"valueName\":\"search_term_string\"}}],\"inLanguage\":\"es\"},{\"@type\":\"Organization\",\"@id\":\"https:\/\/play.es\/es\/#organization\",\"name\":\"Play\",\"url\":\"https:\/\/play.es\/es\/\",\"logo\":{\"@type\":\"ImageObject\",\"inLanguage\":\"es\",\"@id\":\"https:\/\/play.es\/es\/#\/schema\/logo\/image\/\",\"url\":\"https:\/\/play.es\/wp-content\/uploads\/logo-play-1.png\",\"contentUrl\":\"https:\/\/play.es\/wp-content\/uploads\/logo-play-1.png\",\"width\":355,\"height\":80,\"caption\":\"Play\"},\"image\":{\"@id\":\"https:\/\/play.es\/es\/#\/schema\/logo\/image\/\"}}]}<\/script>\n<!-- \/ Yoast SEO plugin. -->","yoast_head_json":{"title":"\u00a1Nuevo! Two i-size - Play","description":"Two i-SIze (novedad 2025): silla de coche segura y c\u00f3moda para ser usada desde los 3 a los 12 a\u00f1os. Dispone de: cabezal ajustable, isofix extensible, dispositivo de protecci\u00f3n lateral SPS y tejido 3D transpirable.","robots":{"index":"index","follow":"follow","max-snippet":"max-snippet:-1","max-image-preview":"max-image-preview:large","max-video-preview":"max-video-preview:-1"},"canonical":"https:\/\/play.es\/es\/producto\/two-i-size-2025\/","og_locale":"es_ES","og_type":"article","og_title":"\u00a1Nuevo! Two i-size - Play","og_description":"Two i-SIze (novedad 2025): silla de coche segura y c\u00f3moda para ser usada desde los 3 a los 12 a\u00f1os. Dispone de: cabezal ajustable, isofix extensible, dispositivo de protecci\u00f3n lateral SPS y tejido 3D transpirable.","og_url":"https:\/\/play.es\/es\/producto\/two-i-size-2025\/","og_site_name":"Play","article_modified_time":"2026-03-19T09:37:36+00:00","og_image":[{"width":1000,"height":1144,"url":"https:\/\/play.es\/wp-content\/uploads\/30199twoisize3-4.webp","type":"image\/webp"}],"twitter_card":"summary_large_image","twitter_misc":{"Tiempo de lectura":"1 minuto"},"schema":{"@context":"https:\/\/schema.org","@graph":[{"@type":"WebPage","@id":"https:\/\/play.es\/es\/producto\/two-i-size-2025\/","url":"https:\/\/play.es\/es\/producto\/two-i-size-2025\/","name":"\u00a1Nuevo! Two i-size - Play","isPartOf":{"@id":"https:\/\/play.es\/es\/#website"},"primaryImageOfPage":{"@id":"https:\/\/play.es\/es\/producto\/two-i-size-2025\/#primaryimage"},"image":{"@id":"https:\/\/play.es\/es\/producto\/two-i-size-2025\/#primaryimage"},"thumbnailUrl":"https:\/\/play.es\/wp-content\/uploads\/30199twoisize3-4.webp","datePublished":"2025-10-07T13:03:08+00:00","dateModified":"2026-03-19T09:37:36+00:00","description":"Two i-SIze (novedad 2025): silla de coche segura y c\u00f3moda para ser usada desde los 3 a los 12 a\u00f1os. Dispone de: cabezal ajustable, isofix extensible, dispositivo de protecci\u00f3n lateral SPS y tejido 3D transpirable.","breadcrumb":{"@id":"https:\/\/play.es\/es\/producto\/two-i-size-2025\/#breadcrumb"},"inLanguage":"es","potentialAction":[{"@type":"ReadAction","target":["https:\/\/play.es\/es\/producto\/two-i-size-2025\/"]}]},{"@type":"ImageObject","inLanguage":"es","@id":"https:\/\/play.es\/es\/producto\/two-i-size-2025\/#primaryimage","url":"https:\/\/play.es\/wp-content\/uploads\/30199twoisize3-4.webp","contentUrl":"https:\/\/play.es\/wp-content\/uploads\/30199twoisize3-4.webp","width":1000,"height":1144},{"@type":"BreadcrumbList","@id":"https:\/\/play.es\/es\/producto\/two-i-size-2025\/#breadcrumb","itemListElement":[{"@type":"ListItem","position":1,"name":"Portada","item":"https:\/\/play.es\/es\/"},{"@type":"ListItem","position":2,"name":"Tienda","item":"https:\/\/play.es\/es\/tienda\/"},{"@type":"ListItem","position":3,"name":"\u00a1Nuevo! Two i-size"}]},{"@type":"WebSite","@id":"https:\/\/play.es\/es\/#website","url":"https:\/\/play.es\/es\/","name":"Play","description":"","publisher":{"@id":"https:\/\/play.es\/es\/#organization"},"potentialAction":[{"@type":"SearchAction","target":{"@type":"EntryPoint","urlTemplate":"https:\/\/play.es\/es\/?s={search_term_string}"},"query-input":{"@type":"PropertyValueSpecification","valueRequired":true,"valueName":"search_term_string"}}],"inLanguage":"es"},{"@type":"Organization","@id":"https:\/\/play.es\/es\/#organization","name":"Play","url":"https:\/\/play.es\/es\/","logo":{"@type":"ImageObject","inLanguage":"es","@id":"https:\/\/play.es\/es\/#\/schema\/logo\/image\/","url":"https:\/\/play.es\/wp-content\/uploads\/logo-play-1.png","contentUrl":"https:\/\/play.es\/wp-content\/uploads\/logo-play-1.png","width":355,"height":80,"caption":"Play"},"image":{"@id":"https:\/\/play.es\/es\/#\/schema\/logo\/image\/"}}]}},"_links":{"self":[{"href":"https:\/\/play.es\/es\/wp-json\/wp\/v2\/product\/6120","targetHints":{"allow":["GET"]}}],"collection":[{"href":"https:\/\/play.es\/es\/wp-json\/wp\/v2\/product"}],"about":[{"href":"https:\/\/play.es\/es\/wp-json\/wp\/v2\/types\/product"}],"replies":[{"embeddable":true,"href":"https:\/\/play.es\/es\/wp-json\/wp\/v2\/comments?post=6120"}],"wp:featuredmedia":[{"embeddable":true,"href":"https:\/\/play.es\/es\/wp-json\/wp\/v2\/media\/6121"}],"wp:attachment":[{"href":"https:\/\/play.es\/es\/wp-json\/wp\/v2\/media?parent=6120"}],"wp:term":[{"taxonomy":"product_brand","embeddable":true,"href":"https:\/\/play.es\/es\/wp-json\/wp\/v2\/product_brand?post=6120"},{"taxonomy":"product_cat","embeddable":true,"href":"https:\/\/play.es\/es\/wp-json\/wp\/v2\/product_cat?post=6120"},{"taxonomy":"product_tag","embeddable":true,"href":"https:\/\/play.es\/es\/wp-json\/wp\/v2\/product_tag?post=6120"}],"curies":[{"name":"wp","href":"https:\/\/api.w.org\/{rel}","templated":true}]}}