{"id":5161,"date":"2025-01-23T13:13:44","date_gmt":"2025-01-23T13:13:44","guid":{"rendered":"https:\/\/play.es\/?post_type=product&#038;p=5161"},"modified":"2025-12-17T09:03:06","modified_gmt":"2025-12-17T09:03:06","slug":"three-fix-coleccion-fantasy","status":"publish","type":"product","link":"https:\/\/play.es\/es\/producto\/three-fix-coleccion-fantasy\/","title":{"rendered":"Three fix colecci\u00f3n Fantasy"},"content":{"rendered":"<p>El elevador Three Fix ha sido dise\u00f1ado con los \u00faltimos est\u00e1ndares de seguridad ECE-R129, reforzando la protecci\u00f3n lateral para mayor tranquilidad. Ideal para ni\u00f1os de 6 a 12 a\u00f1os, es ligero, vers\u00e1til y con triple acolchado para mayor comodidad. Disponible en dos modelos exclusivos: unicornios y dinosaurios.<\/p>\n<p>Ligero y vers\u00e1til, Three Fix es perfecto para familias din\u00e1micas:<\/p>\n<ul>\n<li><strong>F\u00e1cil de mover entre veh\u00edculos<\/strong>, gracias a su dise\u00f1o liviano.<\/li>\n<li>Compatible con sistemas <strong>Isofix y sin Isofix<\/strong>, utilizando \u00fanicamente el cintur\u00f3n de seguridad del veh\u00edculo.<\/li>\n<li><strong>M\u00e1ximo confort<\/strong> para los ni\u00f1os, con su triple capa de acolchado ergon\u00f3mico, ideal para trayectos largos y cortos.<\/li>\n<\/ul>\n","protected":false},"excerpt":{"rendered":"<p>\u00a1Prep\u00e1rate para vivir aventuras m\u00e1gicas y seguras con la colecci\u00f3n Fantasy de Three Fix!<\/p>\n","protected":false},"featured_media":5164,"comment_status":"closed","ping_status":"closed","template":"","meta":{"_acf_changed":false},"product_brand":[],"product_cat":[336,38],"product_tag":[318,323,324,327],"class_list":{"0":"post-5161","1":"product","2":"type-product","3":"status-publish","4":"has-post-thumbnail","6":"product_cat-de-6-a-12-anos","7":"product_cat-sillas-de-coche","8":"product_tag-isofix","9":"product_tag-elevador","10":"product_tag-unicornio","11":"product_tag-cinturon","13":"first","14":"instock","15":"sale","16":"taxable","17":"shipping-taxable","18":"purchasable","19":"product-type-variable","20":"has-default-attributes"},"acf":[],"yoast_head":"<!-- This site is optimized with the Yoast SEO plugin v27.3 - https:\/\/yoast.com\/product\/yoast-seo-wordpress\/ -->\n<title>Elevador Three fix colecci\u00f3n Fantasy - Play<\/title>\n<meta name=\"description\" content=\"Asiento elevador para ni\u00f1os de 6 a 12 a\u00f1os. Dise\u00f1o unicornios y dinosaurios. Con isofix. Triple capa de acolchado para mayor comodidad.\" \/>\n<meta name=\"robots\" content=\"index, follow, max-snippet:-1, max-image-preview:large, max-video-preview:-1\" \/>\n<link rel=\"canonical\" href=\"https:\/\/play.es\/es\/producto\/three-fix-coleccion-fantasy\/\" \/>\n<meta property=\"og:locale\" content=\"es_ES\" \/>\n<meta property=\"og:type\" content=\"article\" \/>\n<meta property=\"og:title\" content=\"Elevador Three fix colecci\u00f3n Fantasy - Play\" \/>\n<meta property=\"og:description\" content=\"Asiento elevador para ni\u00f1os de 6 a 12 a\u00f1os. Dise\u00f1o unicornios y dinosaurios. Con isofix. Triple capa de acolchado para mayor comodidad.\" \/>\n<meta property=\"og:url\" content=\"https:\/\/play.es\/es\/producto\/three-fix-coleccion-fantasy\/\" \/>\n<meta property=\"og:site_name\" content=\"Play\" \/>\n<meta property=\"article:modified_time\" content=\"2025-12-17T09:03:06+00:00\" \/>\n<meta property=\"og:image\" content=\"https:\/\/play.es\/wp-content\/uploads\/imagen-generica-three-fix-fantasy.webp\" \/>\n\t<meta property=\"og:image:width\" content=\"1000\" \/>\n\t<meta property=\"og:image:height\" content=\"1144\" \/>\n\t<meta property=\"og:image:type\" content=\"image\/webp\" \/>\n<meta name=\"twitter:card\" content=\"summary_large_image\" \/>\n<meta name=\"twitter:label1\" content=\"Tiempo de lectura\" \/>\n\t<meta name=\"twitter:data1\" content=\"1 minuto\" \/>\n<script type=\"application\/ld+json\" class=\"yoast-schema-graph\">{\"@context\":\"https:\\\/\\\/schema.org\",\"@graph\":[{\"@type\":\"WebPage\",\"@id\":\"https:\\\/\\\/play.es\\\/es\\\/producto\\\/three-fix-coleccion-fantasy\\\/\",\"url\":\"https:\\\/\\\/play.es\\\/es\\\/producto\\\/three-fix-coleccion-fantasy\\\/\",\"name\":\"Elevador Three fix colecci\u00f3n Fantasy - Play\",\"isPartOf\":{\"@id\":\"https:\\\/\\\/play.es\\\/es\\\/#website\"},\"primaryImageOfPage\":{\"@id\":\"https:\\\/\\\/play.es\\\/es\\\/producto\\\/three-fix-coleccion-fantasy\\\/#primaryimage\"},\"image\":{\"@id\":\"https:\\\/\\\/play.es\\\/es\\\/producto\\\/three-fix-coleccion-fantasy\\\/#primaryimage\"},\"thumbnailUrl\":\"https:\\\/\\\/play.es\\\/wp-content\\\/uploads\\\/imagen-generica-three-fix-fantasy.webp\",\"datePublished\":\"2025-01-23T13:13:44+00:00\",\"dateModified\":\"2025-12-17T09:03:06+00:00\",\"description\":\"Asiento elevador para ni\u00f1os de 6 a 12 a\u00f1os. Dise\u00f1o unicornios y dinosaurios. Con isofix. Triple capa de acolchado para mayor comodidad.\",\"breadcrumb\":{\"@id\":\"https:\\\/\\\/play.es\\\/es\\\/producto\\\/three-fix-coleccion-fantasy\\\/#breadcrumb\"},\"inLanguage\":\"es\",\"potentialAction\":[{\"@type\":\"ReadAction\",\"target\":[\"https:\\\/\\\/play.es\\\/es\\\/producto\\\/three-fix-coleccion-fantasy\\\/\"]}]},{\"@type\":\"ImageObject\",\"inLanguage\":\"es\",\"@id\":\"https:\\\/\\\/play.es\\\/es\\\/producto\\\/three-fix-coleccion-fantasy\\\/#primaryimage\",\"url\":\"https:\\\/\\\/play.es\\\/wp-content\\\/uploads\\\/imagen-generica-three-fix-fantasy.webp\",\"contentUrl\":\"https:\\\/\\\/play.es\\\/wp-content\\\/uploads\\\/imagen-generica-three-fix-fantasy.webp\",\"width\":1000,\"height\":1144},{\"@type\":\"BreadcrumbList\",\"@id\":\"https:\\\/\\\/play.es\\\/es\\\/producto\\\/three-fix-coleccion-fantasy\\\/#breadcrumb\",\"itemListElement\":[{\"@type\":\"ListItem\",\"position\":1,\"name\":\"Portada\",\"item\":\"https:\\\/\\\/play.es\\\/es\\\/\"},{\"@type\":\"ListItem\",\"position\":2,\"name\":\"Tienda\",\"item\":\"https:\\\/\\\/play.es\\\/es\\\/tienda\\\/\"},{\"@type\":\"ListItem\",\"position\":3,\"name\":\"Three fix colecci\u00f3n Fantasy\"}]},{\"@type\":\"WebSite\",\"@id\":\"https:\\\/\\\/play.es\\\/es\\\/#website\",\"url\":\"https:\\\/\\\/play.es\\\/es\\\/\",\"name\":\"Play\",\"description\":\"\",\"publisher\":{\"@id\":\"https:\\\/\\\/play.es\\\/es\\\/#organization\"},\"potentialAction\":[{\"@type\":\"SearchAction\",\"target\":{\"@type\":\"EntryPoint\",\"urlTemplate\":\"https:\\\/\\\/play.es\\\/es\\\/?s={search_term_string}\"},\"query-input\":{\"@type\":\"PropertyValueSpecification\",\"valueRequired\":true,\"valueName\":\"search_term_string\"}}],\"inLanguage\":\"es\"},{\"@type\":\"Organization\",\"@id\":\"https:\\\/\\\/play.es\\\/es\\\/#organization\",\"name\":\"Play\",\"url\":\"https:\\\/\\\/play.es\\\/es\\\/\",\"logo\":{\"@type\":\"ImageObject\",\"inLanguage\":\"es\",\"@id\":\"https:\\\/\\\/play.es\\\/es\\\/#\\\/schema\\\/logo\\\/image\\\/\",\"url\":\"https:\\\/\\\/play.es\\\/wp-content\\\/uploads\\\/logo-play-1.png\",\"contentUrl\":\"https:\\\/\\\/play.es\\\/wp-content\\\/uploads\\\/logo-play-1.png\",\"width\":355,\"height\":80,\"caption\":\"Play\"},\"image\":{\"@id\":\"https:\\\/\\\/play.es\\\/es\\\/#\\\/schema\\\/logo\\\/image\\\/\"}}]}<\/script>\n<!-- \/ Yoast SEO plugin. -->","yoast_head_json":{"title":"Elevador Three fix colecci\u00f3n Fantasy - Play","description":"Asiento elevador para ni\u00f1os de 6 a 12 a\u00f1os. Dise\u00f1o unicornios y dinosaurios. Con isofix. Triple capa de acolchado para mayor comodidad.","robots":{"index":"index","follow":"follow","max-snippet":"max-snippet:-1","max-image-preview":"max-image-preview:large","max-video-preview":"max-video-preview:-1"},"canonical":"https:\/\/play.es\/es\/producto\/three-fix-coleccion-fantasy\/","og_locale":"es_ES","og_type":"article","og_title":"Elevador Three fix colecci\u00f3n Fantasy - Play","og_description":"Asiento elevador para ni\u00f1os de 6 a 12 a\u00f1os. Dise\u00f1o unicornios y dinosaurios. Con isofix. Triple capa de acolchado para mayor comodidad.","og_url":"https:\/\/play.es\/es\/producto\/three-fix-coleccion-fantasy\/","og_site_name":"Play","article_modified_time":"2025-12-17T09:03:06+00:00","og_image":[{"width":1000,"height":1144,"url":"https:\/\/play.es\/wp-content\/uploads\/imagen-generica-three-fix-fantasy.webp","type":"image\/webp"}],"twitter_card":"summary_large_image","twitter_misc":{"Tiempo de lectura":"1 minuto"},"schema":{"@context":"https:\/\/schema.org","@graph":[{"@type":"WebPage","@id":"https:\/\/play.es\/es\/producto\/three-fix-coleccion-fantasy\/","url":"https:\/\/play.es\/es\/producto\/three-fix-coleccion-fantasy\/","name":"Elevador Three fix colecci\u00f3n Fantasy - Play","isPartOf":{"@id":"https:\/\/play.es\/es\/#website"},"primaryImageOfPage":{"@id":"https:\/\/play.es\/es\/producto\/three-fix-coleccion-fantasy\/#primaryimage"},"image":{"@id":"https:\/\/play.es\/es\/producto\/three-fix-coleccion-fantasy\/#primaryimage"},"thumbnailUrl":"https:\/\/play.es\/wp-content\/uploads\/imagen-generica-three-fix-fantasy.webp","datePublished":"2025-01-23T13:13:44+00:00","dateModified":"2025-12-17T09:03:06+00:00","description":"Asiento elevador para ni\u00f1os de 6 a 12 a\u00f1os. Dise\u00f1o unicornios y dinosaurios. Con isofix. Triple capa de acolchado para mayor comodidad.","breadcrumb":{"@id":"https:\/\/play.es\/es\/producto\/three-fix-coleccion-fantasy\/#breadcrumb"},"inLanguage":"es","potentialAction":[{"@type":"ReadAction","target":["https:\/\/play.es\/es\/producto\/three-fix-coleccion-fantasy\/"]}]},{"@type":"ImageObject","inLanguage":"es","@id":"https:\/\/play.es\/es\/producto\/three-fix-coleccion-fantasy\/#primaryimage","url":"https:\/\/play.es\/wp-content\/uploads\/imagen-generica-three-fix-fantasy.webp","contentUrl":"https:\/\/play.es\/wp-content\/uploads\/imagen-generica-three-fix-fantasy.webp","width":1000,"height":1144},{"@type":"BreadcrumbList","@id":"https:\/\/play.es\/es\/producto\/three-fix-coleccion-fantasy\/#breadcrumb","itemListElement":[{"@type":"ListItem","position":1,"name":"Portada","item":"https:\/\/play.es\/es\/"},{"@type":"ListItem","position":2,"name":"Tienda","item":"https:\/\/play.es\/es\/tienda\/"},{"@type":"ListItem","position":3,"name":"Three fix colecci\u00f3n Fantasy"}]},{"@type":"WebSite","@id":"https:\/\/play.es\/es\/#website","url":"https:\/\/play.es\/es\/","name":"Play","description":"","publisher":{"@id":"https:\/\/play.es\/es\/#organization"},"potentialAction":[{"@type":"SearchAction","target":{"@type":"EntryPoint","urlTemplate":"https:\/\/play.es\/es\/?s={search_term_string}"},"query-input":{"@type":"PropertyValueSpecification","valueRequired":true,"valueName":"search_term_string"}}],"inLanguage":"es"},{"@type":"Organization","@id":"https:\/\/play.es\/es\/#organization","name":"Play","url":"https:\/\/play.es\/es\/","logo":{"@type":"ImageObject","inLanguage":"es","@id":"https:\/\/play.es\/es\/#\/schema\/logo\/image\/","url":"https:\/\/play.es\/wp-content\/uploads\/logo-play-1.png","contentUrl":"https:\/\/play.es\/wp-content\/uploads\/logo-play-1.png","width":355,"height":80,"caption":"Play"},"image":{"@id":"https:\/\/play.es\/es\/#\/schema\/logo\/image\/"}}]}},"_links":{"self":[{"href":"https:\/\/play.es\/es\/wp-json\/wp\/v2\/product\/5161","targetHints":{"allow":["GET"]}}],"collection":[{"href":"https:\/\/play.es\/es\/wp-json\/wp\/v2\/product"}],"about":[{"href":"https:\/\/play.es\/es\/wp-json\/wp\/v2\/types\/product"}],"replies":[{"embeddable":true,"href":"https:\/\/play.es\/es\/wp-json\/wp\/v2\/comments?post=5161"}],"wp:featuredmedia":[{"embeddable":true,"href":"https:\/\/play.es\/es\/wp-json\/wp\/v2\/media\/5164"}],"wp:attachment":[{"href":"https:\/\/play.es\/es\/wp-json\/wp\/v2\/media?parent=5161"}],"wp:term":[{"taxonomy":"product_brand","embeddable":true,"href":"https:\/\/play.es\/es\/wp-json\/wp\/v2\/product_brand?post=5161"},{"taxonomy":"product_cat","embeddable":true,"href":"https:\/\/play.es\/es\/wp-json\/wp\/v2\/product_cat?post=5161"},{"taxonomy":"product_tag","embeddable":true,"href":"https:\/\/play.es\/es\/wp-json\/wp\/v2\/product_tag?post=5161"}],"curies":[{"name":"wp","href":"https:\/\/api.w.org\/{rel}","templated":true}]}}