{"id":4833,"date":"2025-01-15T12:23:14","date_gmt":"2025-01-15T12:23:14","guid":{"rendered":"https:\/\/play.es\/?post_type=product&#038;p=4833"},"modified":"2025-11-12T11:52:56","modified_gmt":"2025-11-12T11:52:56","slug":"scout-i-size","status":"publish","type":"product","link":"https:\/\/play.es\/es\/producto\/scout-i-size\/","title":{"rendered":"Scout i-size"},"content":{"rendered":"<p>La silla de coche Scout i-Size de Play est\u00e1 dise\u00f1ada para adaptarse al crecimiento de tu hijo desde el nacimiento hasta los 12 a\u00f1os aproximadamente, cumpliendo con la normativa i-Size en todo su rango de uso. Su dise\u00f1o evolutivo incluye un coj\u00edn adaptador para reci\u00e9n nacidos y permite viajar a contramarcha hasta los 4 a\u00f1os, maximizando la seguridad en los primeros a\u00f1os de vida.<\/p>\n<p>Esta silla es incre\u00edblemente ligera y su instalaci\u00f3n con cintur\u00f3n de seguridad facilita su uso en cualquier veh\u00edculo. Adem\u00e1s, ofrece un cabezal ajustable en m\u00faltiples posiciones, con memory foam para un confort superior y protecci\u00f3n extra ante impactos. Cuenta con 4 posiciones de reclinado para adaptarse a cada momento del viaje, desde el descanso hasta la exploraci\u00f3n.<\/p>\n<p>La Scout i-Size combina tecnolog\u00eda, comodidad y seguridad, convirti\u00e9ndola en la compa\u00f1era perfecta para cada trayecto.<\/p>\n","protected":false},"excerpt":{"rendered":"<p>Ligera, evolutiva y f\u00e1cil de instalar con el cintur\u00f3n de seguridad, garantiza comodidad y seguridad en cada etapa.<\/p>\n","protected":false},"featured_media":4836,"comment_status":"closed","ping_status":"closed","template":"","meta":{"_acf_changed":false},"product_brand":[],"product_cat":[30,38],"product_tag":[],"class_list":{"0":"post-4833","1":"product","2":"type-product","3":"status-publish","4":"has-post-thumbnail","6":"product_cat-universal","7":"product_cat-sillas-de-coche","9":"first","10":"instock","11":"purchasable","12":"product-type-variable"},"acf":[],"yoast_head":"<!-- This site is optimized with the Yoast SEO plugin v27.1.1 - https:\/\/yoast.com\/product\/yoast-seo-wordpress\/ -->\n<title>Silla de coche Scout i-Size - Play<\/title>\n<meta name=\"description\" content=\"Descubre la silla de coche Scout i-Size de Play: seguridad i-Size desde el nacimiento hasta los 12 a\u00f1os. Ligera, c\u00f3moda y f\u00e1cil de instalar.\" \/>\n<meta name=\"robots\" content=\"index, follow, max-snippet:-1, max-image-preview:large, max-video-preview:-1\" \/>\n<link rel=\"canonical\" href=\"https:\/\/play.es\/es\/producto\/scout-i-size\/\" \/>\n<meta property=\"og:locale\" content=\"es_ES\" \/>\n<meta property=\"og:type\" content=\"article\" \/>\n<meta property=\"og:title\" content=\"Silla de coche Scout i-Size - Play\" \/>\n<meta property=\"og:description\" content=\"Descubre la silla de coche Scout i-Size de Play: seguridad i-Size desde el nacimiento hasta los 12 a\u00f1os. Ligera, c\u00f3moda y f\u00e1cil de instalar.\" \/>\n<meta property=\"og:url\" content=\"https:\/\/play.es\/es\/producto\/scout-i-size\/\" \/>\n<meta property=\"og:site_name\" content=\"Play\" \/>\n<meta property=\"article:modified_time\" content=\"2025-11-12T11:52:56+00:00\" \/>\n<meta property=\"og:image\" content=\"https:\/\/play.es\/wp-content\/uploads\/scoutisize726greyeagle.jpg\" \/>\n\t<meta property=\"og:image:width\" content=\"1000\" \/>\n\t<meta property=\"og:image:height\" content=\"1144\" \/>\n\t<meta property=\"og:image:type\" content=\"image\/jpeg\" \/>\n<meta name=\"twitter:card\" content=\"summary_large_image\" \/>\n<meta name=\"twitter:label1\" content=\"Tiempo de lectura\" \/>\n\t<meta name=\"twitter:data1\" content=\"1 minuto\" \/>\n<script type=\"application\/ld+json\" class=\"yoast-schema-graph\">{\"@context\":\"https:\/\/schema.org\",\"@graph\":[{\"@type\":\"WebPage\",\"@id\":\"https:\/\/play.es\/es\/producto\/scout-i-size\/\",\"url\":\"https:\/\/play.es\/es\/producto\/scout-i-size\/\",\"name\":\"Silla de coche Scout i-Size - Play\",\"isPartOf\":{\"@id\":\"https:\/\/play.es\/es\/#website\"},\"primaryImageOfPage\":{\"@id\":\"https:\/\/play.es\/es\/producto\/scout-i-size\/#primaryimage\"},\"image\":{\"@id\":\"https:\/\/play.es\/es\/producto\/scout-i-size\/#primaryimage\"},\"thumbnailUrl\":\"https:\/\/play.es\/wp-content\/uploads\/scoutisize726greyeagle.jpg\",\"datePublished\":\"2025-01-15T12:23:14+00:00\",\"dateModified\":\"2025-11-12T11:52:56+00:00\",\"description\":\"Descubre la silla de coche Scout i-Size de Play: seguridad i-Size desde el nacimiento hasta los 12 a\u00f1os. Ligera, c\u00f3moda y f\u00e1cil de instalar.\",\"breadcrumb\":{\"@id\":\"https:\/\/play.es\/es\/producto\/scout-i-size\/#breadcrumb\"},\"inLanguage\":\"es\",\"potentialAction\":[{\"@type\":\"ReadAction\",\"target\":[\"https:\/\/play.es\/es\/producto\/scout-i-size\/\"]}]},{\"@type\":\"ImageObject\",\"inLanguage\":\"es\",\"@id\":\"https:\/\/play.es\/es\/producto\/scout-i-size\/#primaryimage\",\"url\":\"https:\/\/play.es\/wp-content\/uploads\/scoutisize726greyeagle.jpg\",\"contentUrl\":\"https:\/\/play.es\/wp-content\/uploads\/scoutisize726greyeagle.jpg\",\"width\":1000,\"height\":1144,\"caption\":\"Scout isize gris\"},{\"@type\":\"BreadcrumbList\",\"@id\":\"https:\/\/play.es\/es\/producto\/scout-i-size\/#breadcrumb\",\"itemListElement\":[{\"@type\":\"ListItem\",\"position\":1,\"name\":\"Portada\",\"item\":\"https:\/\/play.es\/es\/\"},{\"@type\":\"ListItem\",\"position\":2,\"name\":\"Tienda\",\"item\":\"https:\/\/play.es\/es\/tienda\/\"},{\"@type\":\"ListItem\",\"position\":3,\"name\":\"Scout i-size\"}]},{\"@type\":\"WebSite\",\"@id\":\"https:\/\/play.es\/es\/#website\",\"url\":\"https:\/\/play.es\/es\/\",\"name\":\"Play\",\"description\":\"\",\"publisher\":{\"@id\":\"https:\/\/play.es\/es\/#organization\"},\"potentialAction\":[{\"@type\":\"SearchAction\",\"target\":{\"@type\":\"EntryPoint\",\"urlTemplate\":\"https:\/\/play.es\/es\/?s={search_term_string}\"},\"query-input\":{\"@type\":\"PropertyValueSpecification\",\"valueRequired\":true,\"valueName\":\"search_term_string\"}}],\"inLanguage\":\"es\"},{\"@type\":\"Organization\",\"@id\":\"https:\/\/play.es\/es\/#organization\",\"name\":\"Play\",\"url\":\"https:\/\/play.es\/es\/\",\"logo\":{\"@type\":\"ImageObject\",\"inLanguage\":\"es\",\"@id\":\"https:\/\/play.es\/es\/#\/schema\/logo\/image\/\",\"url\":\"https:\/\/play.es\/wp-content\/uploads\/logo-play-1.png\",\"contentUrl\":\"https:\/\/play.es\/wp-content\/uploads\/logo-play-1.png\",\"width\":355,\"height\":80,\"caption\":\"Play\"},\"image\":{\"@id\":\"https:\/\/play.es\/es\/#\/schema\/logo\/image\/\"}}]}<\/script>\n<!-- \/ Yoast SEO plugin. -->","yoast_head_json":{"title":"Silla de coche Scout i-Size - Play","description":"Descubre la silla de coche Scout i-Size de Play: seguridad i-Size desde el nacimiento hasta los 12 a\u00f1os. Ligera, c\u00f3moda y f\u00e1cil de instalar.","robots":{"index":"index","follow":"follow","max-snippet":"max-snippet:-1","max-image-preview":"max-image-preview:large","max-video-preview":"max-video-preview:-1"},"canonical":"https:\/\/play.es\/es\/producto\/scout-i-size\/","og_locale":"es_ES","og_type":"article","og_title":"Silla de coche Scout i-Size - Play","og_description":"Descubre la silla de coche Scout i-Size de Play: seguridad i-Size desde el nacimiento hasta los 12 a\u00f1os. Ligera, c\u00f3moda y f\u00e1cil de instalar.","og_url":"https:\/\/play.es\/es\/producto\/scout-i-size\/","og_site_name":"Play","article_modified_time":"2025-11-12T11:52:56+00:00","og_image":[{"width":1000,"height":1144,"url":"https:\/\/play.es\/wp-content\/uploads\/scoutisize726greyeagle.jpg","type":"image\/jpeg"}],"twitter_card":"summary_large_image","twitter_misc":{"Tiempo de lectura":"1 minuto"},"schema":{"@context":"https:\/\/schema.org","@graph":[{"@type":"WebPage","@id":"https:\/\/play.es\/es\/producto\/scout-i-size\/","url":"https:\/\/play.es\/es\/producto\/scout-i-size\/","name":"Silla de coche Scout i-Size - Play","isPartOf":{"@id":"https:\/\/play.es\/es\/#website"},"primaryImageOfPage":{"@id":"https:\/\/play.es\/es\/producto\/scout-i-size\/#primaryimage"},"image":{"@id":"https:\/\/play.es\/es\/producto\/scout-i-size\/#primaryimage"},"thumbnailUrl":"https:\/\/play.es\/wp-content\/uploads\/scoutisize726greyeagle.jpg","datePublished":"2025-01-15T12:23:14+00:00","dateModified":"2025-11-12T11:52:56+00:00","description":"Descubre la silla de coche Scout i-Size de Play: seguridad i-Size desde el nacimiento hasta los 12 a\u00f1os. Ligera, c\u00f3moda y f\u00e1cil de instalar.","breadcrumb":{"@id":"https:\/\/play.es\/es\/producto\/scout-i-size\/#breadcrumb"},"inLanguage":"es","potentialAction":[{"@type":"ReadAction","target":["https:\/\/play.es\/es\/producto\/scout-i-size\/"]}]},{"@type":"ImageObject","inLanguage":"es","@id":"https:\/\/play.es\/es\/producto\/scout-i-size\/#primaryimage","url":"https:\/\/play.es\/wp-content\/uploads\/scoutisize726greyeagle.jpg","contentUrl":"https:\/\/play.es\/wp-content\/uploads\/scoutisize726greyeagle.jpg","width":1000,"height":1144,"caption":"Scout isize gris"},{"@type":"BreadcrumbList","@id":"https:\/\/play.es\/es\/producto\/scout-i-size\/#breadcrumb","itemListElement":[{"@type":"ListItem","position":1,"name":"Portada","item":"https:\/\/play.es\/es\/"},{"@type":"ListItem","position":2,"name":"Tienda","item":"https:\/\/play.es\/es\/tienda\/"},{"@type":"ListItem","position":3,"name":"Scout i-size"}]},{"@type":"WebSite","@id":"https:\/\/play.es\/es\/#website","url":"https:\/\/play.es\/es\/","name":"Play","description":"","publisher":{"@id":"https:\/\/play.es\/es\/#organization"},"potentialAction":[{"@type":"SearchAction","target":{"@type":"EntryPoint","urlTemplate":"https:\/\/play.es\/es\/?s={search_term_string}"},"query-input":{"@type":"PropertyValueSpecification","valueRequired":true,"valueName":"search_term_string"}}],"inLanguage":"es"},{"@type":"Organization","@id":"https:\/\/play.es\/es\/#organization","name":"Play","url":"https:\/\/play.es\/es\/","logo":{"@type":"ImageObject","inLanguage":"es","@id":"https:\/\/play.es\/es\/#\/schema\/logo\/image\/","url":"https:\/\/play.es\/wp-content\/uploads\/logo-play-1.png","contentUrl":"https:\/\/play.es\/wp-content\/uploads\/logo-play-1.png","width":355,"height":80,"caption":"Play"},"image":{"@id":"https:\/\/play.es\/es\/#\/schema\/logo\/image\/"}}]}},"_links":{"self":[{"href":"https:\/\/play.es\/es\/wp-json\/wp\/v2\/product\/4833","targetHints":{"allow":["GET"]}}],"collection":[{"href":"https:\/\/play.es\/es\/wp-json\/wp\/v2\/product"}],"about":[{"href":"https:\/\/play.es\/es\/wp-json\/wp\/v2\/types\/product"}],"replies":[{"embeddable":true,"href":"https:\/\/play.es\/es\/wp-json\/wp\/v2\/comments?post=4833"}],"wp:featuredmedia":[{"embeddable":true,"href":"https:\/\/play.es\/es\/wp-json\/wp\/v2\/media\/4836"}],"wp:attachment":[{"href":"https:\/\/play.es\/es\/wp-json\/wp\/v2\/media?parent=4833"}],"wp:term":[{"taxonomy":"product_brand","embeddable":true,"href":"https:\/\/play.es\/es\/wp-json\/wp\/v2\/product_brand?post=4833"},{"taxonomy":"product_cat","embeddable":true,"href":"https:\/\/play.es\/es\/wp-json\/wp\/v2\/product_cat?post=4833"},{"taxonomy":"product_tag","embeddable":true,"href":"https:\/\/play.es\/es\/wp-json\/wp\/v2\/product_tag?post=4833"}],"curies":[{"name":"wp","href":"https:\/\/api.w.org\/{rel}","templated":true}]}}