{"id":4352,"date":"2024-11-06T10:48:40","date_gmt":"2024-11-06T10:48:40","guid":{"rendered":"https:\/\/play.es\/?post_type=product&#038;p=4352"},"modified":"2025-04-24T08:02:10","modified_gmt":"2025-04-24T08:02:10","slug":"orinal-para-bebe-play-little-potti","status":"publish","type":"product","link":"https:\/\/play.es\/es\/producto\/orinal-para-bebe-play-little-potti\/","title":{"rendered":"Orinal para beb\u00e9 Play Little Potti"},"content":{"rendered":"<p>\u00a1Facilita el paso del pa\u00f1al al ba\u00f1o con Little Potti! Este orinal para beb\u00e9s es pr\u00e1ctico y c\u00f3modo, perfecto para que los peques aprendan a ir al ba\u00f1o de forma aut\u00f3noma cuando est\u00e9n listos. Su dise\u00f1o compacto permite colocarlo en cualquier ba\u00f1o, incluso en los m\u00e1s peque\u00f1os, y su base antideslizante ofrece seguridad en cada uso. Adem\u00e1s, es muy f\u00e1cil de vaciar y limpiar, ideal para padres ocupados. Little Potti es desmontable y est\u00e1 disponible en tres colores, adapt\u00e1ndose a todos los estilos y gustos.<\/p>\n","protected":false},"excerpt":{"rendered":"<p>Play Little Potti: el orinal ideal para el aprendizaje de tu beb\u00e9.<\/p>\n","protected":false},"featured_media":4368,"comment_status":"closed","ping_status":"closed","template":"","meta":{"_acf_changed":false},"product_brand":[],"product_cat":[296,147],"product_tag":[],"class_list":{"0":"post-4352","1":"product","2":"type-product","3":"status-publish","4":"has-post-thumbnail","6":"product_cat-higiene","7":"product_cat-hogar-y-accesorios","9":"first","10":"instock","11":"taxable","12":"shipping-taxable","13":"purchasable","14":"product-type-variable","15":"has-default-attributes"},"acf":[],"yoast_head":"<!-- This site is optimized with the Yoast SEO plugin v27.1.1 - https:\/\/yoast.com\/product\/yoast-seo-wordpress\/ -->\n<title>Orinal para beb\u00e9 Play Little Potti - Play<\/title>\n<meta name=\"description\" content=\"Pr\u00e1ctico y c\u00f3modo de usar, este orinal para beb\u00e9 es de tama\u00f1o compacto y base antideslizante. Desmontable para facilitar la limpieza.\" \/>\n<meta name=\"robots\" content=\"index, follow, max-snippet:-1, max-image-preview:large, max-video-preview:-1\" \/>\n<link rel=\"canonical\" href=\"https:\/\/play.es\/es\/producto\/orinal-para-bebe-play-little-potti\/\" \/>\n<meta property=\"og:locale\" content=\"es_ES\" \/>\n<meta property=\"og:type\" content=\"article\" \/>\n<meta property=\"og:title\" content=\"Orinal para beb\u00e9 Play Little Potti - Play\" \/>\n<meta property=\"og:description\" content=\"Pr\u00e1ctico y c\u00f3modo de usar, este orinal para beb\u00e9 es de tama\u00f1o compacto y base antideslizante. Desmontable para facilitar la limpieza.\" \/>\n<meta property=\"og:url\" content=\"https:\/\/play.es\/es\/producto\/orinal-para-bebe-play-little-potti\/\" \/>\n<meta property=\"og:site_name\" content=\"Play\" \/>\n<meta property=\"article:modified_time\" content=\"2025-04-24T08:02:10+00:00\" \/>\n<meta property=\"og:image\" content=\"https:\/\/play.es\/wp-content\/uploads\/orinalplaylittlepotti-1.png\" \/>\n\t<meta property=\"og:image:width\" content=\"1000\" \/>\n\t<meta property=\"og:image:height\" content=\"1144\" \/>\n\t<meta property=\"og:image:type\" content=\"image\/png\" \/>\n<meta name=\"twitter:card\" content=\"summary_large_image\" \/>\n<meta name=\"twitter:label1\" content=\"Tiempo de lectura\" \/>\n\t<meta name=\"twitter:data1\" content=\"1 minuto\" \/>\n<script type=\"application\/ld+json\" class=\"yoast-schema-graph\">{\"@context\":\"https:\/\/schema.org\",\"@graph\":[{\"@type\":\"WebPage\",\"@id\":\"https:\/\/play.es\/es\/producto\/orinal-para-bebe-play-little-potti\/\",\"url\":\"https:\/\/play.es\/es\/producto\/orinal-para-bebe-play-little-potti\/\",\"name\":\"Orinal para beb\u00e9 Play Little Potti - Play\",\"isPartOf\":{\"@id\":\"https:\/\/play.es\/es\/#website\"},\"primaryImageOfPage\":{\"@id\":\"https:\/\/play.es\/es\/producto\/orinal-para-bebe-play-little-potti\/#primaryimage\"},\"image\":{\"@id\":\"https:\/\/play.es\/es\/producto\/orinal-para-bebe-play-little-potti\/#primaryimage\"},\"thumbnailUrl\":\"https:\/\/play.es\/wp-content\/uploads\/orinalplaylittlepotti-1.png\",\"datePublished\":\"2024-11-06T10:48:40+00:00\",\"dateModified\":\"2025-04-24T08:02:10+00:00\",\"description\":\"Pr\u00e1ctico y c\u00f3modo de usar, este orinal para beb\u00e9 es de tama\u00f1o compacto y base antideslizante. Desmontable para facilitar la limpieza.\",\"breadcrumb\":{\"@id\":\"https:\/\/play.es\/es\/producto\/orinal-para-bebe-play-little-potti\/#breadcrumb\"},\"inLanguage\":\"es\",\"potentialAction\":[{\"@type\":\"ReadAction\",\"target\":[\"https:\/\/play.es\/es\/producto\/orinal-para-bebe-play-little-potti\/\"]}]},{\"@type\":\"ImageObject\",\"inLanguage\":\"es\",\"@id\":\"https:\/\/play.es\/es\/producto\/orinal-para-bebe-play-little-potti\/#primaryimage\",\"url\":\"https:\/\/play.es\/wp-content\/uploads\/orinalplaylittlepotti-1.png\",\"contentUrl\":\"https:\/\/play.es\/wp-content\/uploads\/orinalplaylittlepotti-1.png\",\"width\":1000,\"height\":1144},{\"@type\":\"BreadcrumbList\",\"@id\":\"https:\/\/play.es\/es\/producto\/orinal-para-bebe-play-little-potti\/#breadcrumb\",\"itemListElement\":[{\"@type\":\"ListItem\",\"position\":1,\"name\":\"Portada\",\"item\":\"https:\/\/play.es\/es\/\"},{\"@type\":\"ListItem\",\"position\":2,\"name\":\"Tienda\",\"item\":\"https:\/\/play.es\/es\/tienda\/\"},{\"@type\":\"ListItem\",\"position\":3,\"name\":\"Orinal para beb\u00e9 Play Little Potti\"}]},{\"@type\":\"WebSite\",\"@id\":\"https:\/\/play.es\/es\/#website\",\"url\":\"https:\/\/play.es\/es\/\",\"name\":\"Play\",\"description\":\"\",\"publisher\":{\"@id\":\"https:\/\/play.es\/es\/#organization\"},\"potentialAction\":[{\"@type\":\"SearchAction\",\"target\":{\"@type\":\"EntryPoint\",\"urlTemplate\":\"https:\/\/play.es\/es\/?s={search_term_string}\"},\"query-input\":{\"@type\":\"PropertyValueSpecification\",\"valueRequired\":true,\"valueName\":\"search_term_string\"}}],\"inLanguage\":\"es\"},{\"@type\":\"Organization\",\"@id\":\"https:\/\/play.es\/es\/#organization\",\"name\":\"Play\",\"url\":\"https:\/\/play.es\/es\/\",\"logo\":{\"@type\":\"ImageObject\",\"inLanguage\":\"es\",\"@id\":\"https:\/\/play.es\/es\/#\/schema\/logo\/image\/\",\"url\":\"https:\/\/play.es\/wp-content\/uploads\/logo-play-1.png\",\"contentUrl\":\"https:\/\/play.es\/wp-content\/uploads\/logo-play-1.png\",\"width\":355,\"height\":80,\"caption\":\"Play\"},\"image\":{\"@id\":\"https:\/\/play.es\/es\/#\/schema\/logo\/image\/\"}}]}<\/script>\n<!-- \/ Yoast SEO plugin. -->","yoast_head_json":{"title":"Orinal para beb\u00e9 Play Little Potti - Play","description":"Pr\u00e1ctico y c\u00f3modo de usar, este orinal para beb\u00e9 es de tama\u00f1o compacto y base antideslizante. Desmontable para facilitar la limpieza.","robots":{"index":"index","follow":"follow","max-snippet":"max-snippet:-1","max-image-preview":"max-image-preview:large","max-video-preview":"max-video-preview:-1"},"canonical":"https:\/\/play.es\/es\/producto\/orinal-para-bebe-play-little-potti\/","og_locale":"es_ES","og_type":"article","og_title":"Orinal para beb\u00e9 Play Little Potti - Play","og_description":"Pr\u00e1ctico y c\u00f3modo de usar, este orinal para beb\u00e9 es de tama\u00f1o compacto y base antideslizante. Desmontable para facilitar la limpieza.","og_url":"https:\/\/play.es\/es\/producto\/orinal-para-bebe-play-little-potti\/","og_site_name":"Play","article_modified_time":"2025-04-24T08:02:10+00:00","og_image":[{"width":1000,"height":1144,"url":"https:\/\/play.es\/wp-content\/uploads\/orinalplaylittlepotti-1.png","type":"image\/png"}],"twitter_card":"summary_large_image","twitter_misc":{"Tiempo de lectura":"1 minuto"},"schema":{"@context":"https:\/\/schema.org","@graph":[{"@type":"WebPage","@id":"https:\/\/play.es\/es\/producto\/orinal-para-bebe-play-little-potti\/","url":"https:\/\/play.es\/es\/producto\/orinal-para-bebe-play-little-potti\/","name":"Orinal para beb\u00e9 Play Little Potti - Play","isPartOf":{"@id":"https:\/\/play.es\/es\/#website"},"primaryImageOfPage":{"@id":"https:\/\/play.es\/es\/producto\/orinal-para-bebe-play-little-potti\/#primaryimage"},"image":{"@id":"https:\/\/play.es\/es\/producto\/orinal-para-bebe-play-little-potti\/#primaryimage"},"thumbnailUrl":"https:\/\/play.es\/wp-content\/uploads\/orinalplaylittlepotti-1.png","datePublished":"2024-11-06T10:48:40+00:00","dateModified":"2025-04-24T08:02:10+00:00","description":"Pr\u00e1ctico y c\u00f3modo de usar, este orinal para beb\u00e9 es de tama\u00f1o compacto y base antideslizante. Desmontable para facilitar la limpieza.","breadcrumb":{"@id":"https:\/\/play.es\/es\/producto\/orinal-para-bebe-play-little-potti\/#breadcrumb"},"inLanguage":"es","potentialAction":[{"@type":"ReadAction","target":["https:\/\/play.es\/es\/producto\/orinal-para-bebe-play-little-potti\/"]}]},{"@type":"ImageObject","inLanguage":"es","@id":"https:\/\/play.es\/es\/producto\/orinal-para-bebe-play-little-potti\/#primaryimage","url":"https:\/\/play.es\/wp-content\/uploads\/orinalplaylittlepotti-1.png","contentUrl":"https:\/\/play.es\/wp-content\/uploads\/orinalplaylittlepotti-1.png","width":1000,"height":1144},{"@type":"BreadcrumbList","@id":"https:\/\/play.es\/es\/producto\/orinal-para-bebe-play-little-potti\/#breadcrumb","itemListElement":[{"@type":"ListItem","position":1,"name":"Portada","item":"https:\/\/play.es\/es\/"},{"@type":"ListItem","position":2,"name":"Tienda","item":"https:\/\/play.es\/es\/tienda\/"},{"@type":"ListItem","position":3,"name":"Orinal para beb\u00e9 Play Little Potti"}]},{"@type":"WebSite","@id":"https:\/\/play.es\/es\/#website","url":"https:\/\/play.es\/es\/","name":"Play","description":"","publisher":{"@id":"https:\/\/play.es\/es\/#organization"},"potentialAction":[{"@type":"SearchAction","target":{"@type":"EntryPoint","urlTemplate":"https:\/\/play.es\/es\/?s={search_term_string}"},"query-input":{"@type":"PropertyValueSpecification","valueRequired":true,"valueName":"search_term_string"}}],"inLanguage":"es"},{"@type":"Organization","@id":"https:\/\/play.es\/es\/#organization","name":"Play","url":"https:\/\/play.es\/es\/","logo":{"@type":"ImageObject","inLanguage":"es","@id":"https:\/\/play.es\/es\/#\/schema\/logo\/image\/","url":"https:\/\/play.es\/wp-content\/uploads\/logo-play-1.png","contentUrl":"https:\/\/play.es\/wp-content\/uploads\/logo-play-1.png","width":355,"height":80,"caption":"Play"},"image":{"@id":"https:\/\/play.es\/es\/#\/schema\/logo\/image\/"}}]}},"_links":{"self":[{"href":"https:\/\/play.es\/es\/wp-json\/wp\/v2\/product\/4352","targetHints":{"allow":["GET"]}}],"collection":[{"href":"https:\/\/play.es\/es\/wp-json\/wp\/v2\/product"}],"about":[{"href":"https:\/\/play.es\/es\/wp-json\/wp\/v2\/types\/product"}],"replies":[{"embeddable":true,"href":"https:\/\/play.es\/es\/wp-json\/wp\/v2\/comments?post=4352"}],"wp:featuredmedia":[{"embeddable":true,"href":"https:\/\/play.es\/es\/wp-json\/wp\/v2\/media\/4368"}],"wp:attachment":[{"href":"https:\/\/play.es\/es\/wp-json\/wp\/v2\/media?parent=4352"}],"wp:term":[{"taxonomy":"product_brand","embeddable":true,"href":"https:\/\/play.es\/es\/wp-json\/wp\/v2\/product_brand?post=4352"},{"taxonomy":"product_cat","embeddable":true,"href":"https:\/\/play.es\/es\/wp-json\/wp\/v2\/product_cat?post=4352"},{"taxonomy":"product_tag","embeddable":true,"href":"https:\/\/play.es\/es\/wp-json\/wp\/v2\/product_tag?post=4352"}],"curies":[{"name":"wp","href":"https:\/\/api.w.org\/{rel}","templated":true}]}}