{"id":4329,"date":"2024-11-06T08:44:11","date_gmt":"2024-11-06T08:44:11","guid":{"rendered":"https:\/\/play.es\/?post_type=product&#038;p=4329"},"modified":"2026-02-19T11:52:40","modified_gmt":"2026-02-19T11:52:40","slug":"banera-plegable-thermo-bath","status":"publish","type":"product","link":"https:\/\/play.es\/es\/producto\/banera-plegable-thermo-bath\/","title":{"rendered":"Ba\u00f1era plegable Play Thermo Bath"},"content":{"rendered":"<p>\u00a1La hora del ba\u00f1o nunca ha sido tan f\u00e1cil y segura! La ba\u00f1era plegable Thermo Bath incorpora un <strong>coj\u00edn ergon\u00f3mico ajustable<\/strong> que se adapta a reci\u00e9n nacidos, con el que tu beb\u00e9 estar\u00e1 perfectamente apoyado y seguro durante el ba\u00f1o. Adem\u00e1s, cuenta con un <strong>term\u00f3metro digital con lector t\u00e1ctil<\/strong>\u00a0que permite controlar la temperatura del agua con precisi\u00f3n, evitando riesgos.<\/p>\n","protected":false},"excerpt":{"rendered":"<p>La ba\u00f1era plegable Thermo Bath es ideal para tu beb\u00e9. Dise\u00f1ada pensando en su comodidad y tu tranquilidad durante el ba\u00f1o.<\/p>\n","protected":false},"featured_media":4350,"comment_status":"closed","ping_status":"closed","template":"","meta":{"_acf_changed":false},"product_brand":[],"product_cat":[296,147],"product_tag":[168],"class_list":{"0":"post-4329","1":"product","2":"type-product","3":"status-publish","4":"has-post-thumbnail","6":"product_cat-higiene","7":"product_cat-hogar-y-accesorios","8":"product_tag-banera","10":"first","11":"instock","12":"taxable","13":"shipping-taxable","14":"purchasable","15":"product-type-simple"},"acf":[],"yoast_head":"<!-- This site is optimized with the Yoast SEO plugin v27.1.1 - https:\/\/yoast.com\/product\/yoast-seo-wordpress\/ -->\n<title>Ba\u00f1era plegable Play Thermo Bath - Play<\/title>\n<meta name=\"description\" content=\"La ba\u00f1era plegable para beb\u00e9s Thermo Bath cuenta con term\u00f3metro digital y coj\u00edn ajustable para reci\u00e9n nacidos. El ba\u00f1o nunca ha sido tan c\u00f3modo y seguro.\" \/>\n<meta name=\"robots\" content=\"index, follow, max-snippet:-1, max-image-preview:large, max-video-preview:-1\" \/>\n<link rel=\"canonical\" href=\"https:\/\/play.es\/es\/producto\/banera-plegable-thermo-bath\/\" \/>\n<meta property=\"og:locale\" content=\"es_ES\" \/>\n<meta property=\"og:type\" content=\"article\" \/>\n<meta property=\"og:title\" content=\"Ba\u00f1era plegable Play Thermo Bath - Play\" \/>\n<meta property=\"og:description\" content=\"La ba\u00f1era plegable para beb\u00e9s Thermo Bath cuenta con term\u00f3metro digital y coj\u00edn ajustable para reci\u00e9n nacidos. El ba\u00f1o nunca ha sido tan c\u00f3modo y seguro.\" \/>\n<meta property=\"og:url\" content=\"https:\/\/play.es\/es\/producto\/banera-plegable-thermo-bath\/\" \/>\n<meta property=\"og:site_name\" content=\"Play\" \/>\n<meta property=\"article:modified_time\" content=\"2026-02-19T11:52:40+00:00\" \/>\n<meta property=\"og:image\" content=\"https:\/\/play.es\/wp-content\/uploads\/baneraplegable-1.png\" \/>\n\t<meta property=\"og:image:width\" content=\"1000\" \/>\n\t<meta property=\"og:image:height\" content=\"1144\" \/>\n\t<meta property=\"og:image:type\" content=\"image\/png\" \/>\n<meta name=\"twitter:card\" content=\"summary_large_image\" \/>\n<meta name=\"twitter:label1\" content=\"Tiempo de lectura\" \/>\n\t<meta name=\"twitter:data1\" content=\"1 minuto\" \/>\n<script type=\"application\/ld+json\" class=\"yoast-schema-graph\">{\"@context\":\"https:\/\/schema.org\",\"@graph\":[{\"@type\":\"WebPage\",\"@id\":\"https:\/\/play.es\/es\/producto\/banera-plegable-thermo-bath\/\",\"url\":\"https:\/\/play.es\/es\/producto\/banera-plegable-thermo-bath\/\",\"name\":\"Ba\u00f1era plegable Play Thermo Bath - Play\",\"isPartOf\":{\"@id\":\"https:\/\/play.es\/es\/#website\"},\"primaryImageOfPage\":{\"@id\":\"https:\/\/play.es\/es\/producto\/banera-plegable-thermo-bath\/#primaryimage\"},\"image\":{\"@id\":\"https:\/\/play.es\/es\/producto\/banera-plegable-thermo-bath\/#primaryimage\"},\"thumbnailUrl\":\"https:\/\/play.es\/wp-content\/uploads\/baneraplegable-1.png\",\"datePublished\":\"2024-11-06T08:44:11+00:00\",\"dateModified\":\"2026-02-19T11:52:40+00:00\",\"description\":\"La ba\u00f1era plegable para beb\u00e9s Thermo Bath cuenta con term\u00f3metro digital y coj\u00edn ajustable para reci\u00e9n nacidos. El ba\u00f1o nunca ha sido tan c\u00f3modo y seguro.\",\"breadcrumb\":{\"@id\":\"https:\/\/play.es\/es\/producto\/banera-plegable-thermo-bath\/#breadcrumb\"},\"inLanguage\":\"es\",\"potentialAction\":[{\"@type\":\"ReadAction\",\"target\":[\"https:\/\/play.es\/es\/producto\/banera-plegable-thermo-bath\/\"]}]},{\"@type\":\"ImageObject\",\"inLanguage\":\"es\",\"@id\":\"https:\/\/play.es\/es\/producto\/banera-plegable-thermo-bath\/#primaryimage\",\"url\":\"https:\/\/play.es\/wp-content\/uploads\/baneraplegable-1.png\",\"contentUrl\":\"https:\/\/play.es\/wp-content\/uploads\/baneraplegable-1.png\",\"width\":1000,\"height\":1144},{\"@type\":\"BreadcrumbList\",\"@id\":\"https:\/\/play.es\/es\/producto\/banera-plegable-thermo-bath\/#breadcrumb\",\"itemListElement\":[{\"@type\":\"ListItem\",\"position\":1,\"name\":\"Portada\",\"item\":\"https:\/\/play.es\/es\/\"},{\"@type\":\"ListItem\",\"position\":2,\"name\":\"Tienda\",\"item\":\"https:\/\/play.es\/es\/tienda\/\"},{\"@type\":\"ListItem\",\"position\":3,\"name\":\"Ba\u00f1era plegable Play Thermo Bath\"}]},{\"@type\":\"WebSite\",\"@id\":\"https:\/\/play.es\/es\/#website\",\"url\":\"https:\/\/play.es\/es\/\",\"name\":\"Play\",\"description\":\"\",\"publisher\":{\"@id\":\"https:\/\/play.es\/es\/#organization\"},\"potentialAction\":[{\"@type\":\"SearchAction\",\"target\":{\"@type\":\"EntryPoint\",\"urlTemplate\":\"https:\/\/play.es\/es\/?s={search_term_string}\"},\"query-input\":{\"@type\":\"PropertyValueSpecification\",\"valueRequired\":true,\"valueName\":\"search_term_string\"}}],\"inLanguage\":\"es\"},{\"@type\":\"Organization\",\"@id\":\"https:\/\/play.es\/es\/#organization\",\"name\":\"Play\",\"url\":\"https:\/\/play.es\/es\/\",\"logo\":{\"@type\":\"ImageObject\",\"inLanguage\":\"es\",\"@id\":\"https:\/\/play.es\/es\/#\/schema\/logo\/image\/\",\"url\":\"https:\/\/play.es\/wp-content\/uploads\/logo-play-1.png\",\"contentUrl\":\"https:\/\/play.es\/wp-content\/uploads\/logo-play-1.png\",\"width\":355,\"height\":80,\"caption\":\"Play\"},\"image\":{\"@id\":\"https:\/\/play.es\/es\/#\/schema\/logo\/image\/\"}}]}<\/script>\n<!-- \/ Yoast SEO plugin. -->","yoast_head_json":{"title":"Ba\u00f1era plegable Play Thermo Bath - Play","description":"La ba\u00f1era plegable para beb\u00e9s Thermo Bath cuenta con term\u00f3metro digital y coj\u00edn ajustable para reci\u00e9n nacidos. El ba\u00f1o nunca ha sido tan c\u00f3modo y seguro.","robots":{"index":"index","follow":"follow","max-snippet":"max-snippet:-1","max-image-preview":"max-image-preview:large","max-video-preview":"max-video-preview:-1"},"canonical":"https:\/\/play.es\/es\/producto\/banera-plegable-thermo-bath\/","og_locale":"es_ES","og_type":"article","og_title":"Ba\u00f1era plegable Play Thermo Bath - Play","og_description":"La ba\u00f1era plegable para beb\u00e9s Thermo Bath cuenta con term\u00f3metro digital y coj\u00edn ajustable para reci\u00e9n nacidos. El ba\u00f1o nunca ha sido tan c\u00f3modo y seguro.","og_url":"https:\/\/play.es\/es\/producto\/banera-plegable-thermo-bath\/","og_site_name":"Play","article_modified_time":"2026-02-19T11:52:40+00:00","og_image":[{"width":1000,"height":1144,"url":"https:\/\/play.es\/wp-content\/uploads\/baneraplegable-1.png","type":"image\/png"}],"twitter_card":"summary_large_image","twitter_misc":{"Tiempo de lectura":"1 minuto"},"schema":{"@context":"https:\/\/schema.org","@graph":[{"@type":"WebPage","@id":"https:\/\/play.es\/es\/producto\/banera-plegable-thermo-bath\/","url":"https:\/\/play.es\/es\/producto\/banera-plegable-thermo-bath\/","name":"Ba\u00f1era plegable Play Thermo Bath - Play","isPartOf":{"@id":"https:\/\/play.es\/es\/#website"},"primaryImageOfPage":{"@id":"https:\/\/play.es\/es\/producto\/banera-plegable-thermo-bath\/#primaryimage"},"image":{"@id":"https:\/\/play.es\/es\/producto\/banera-plegable-thermo-bath\/#primaryimage"},"thumbnailUrl":"https:\/\/play.es\/wp-content\/uploads\/baneraplegable-1.png","datePublished":"2024-11-06T08:44:11+00:00","dateModified":"2026-02-19T11:52:40+00:00","description":"La ba\u00f1era plegable para beb\u00e9s Thermo Bath cuenta con term\u00f3metro digital y coj\u00edn ajustable para reci\u00e9n nacidos. El ba\u00f1o nunca ha sido tan c\u00f3modo y seguro.","breadcrumb":{"@id":"https:\/\/play.es\/es\/producto\/banera-plegable-thermo-bath\/#breadcrumb"},"inLanguage":"es","potentialAction":[{"@type":"ReadAction","target":["https:\/\/play.es\/es\/producto\/banera-plegable-thermo-bath\/"]}]},{"@type":"ImageObject","inLanguage":"es","@id":"https:\/\/play.es\/es\/producto\/banera-plegable-thermo-bath\/#primaryimage","url":"https:\/\/play.es\/wp-content\/uploads\/baneraplegable-1.png","contentUrl":"https:\/\/play.es\/wp-content\/uploads\/baneraplegable-1.png","width":1000,"height":1144},{"@type":"BreadcrumbList","@id":"https:\/\/play.es\/es\/producto\/banera-plegable-thermo-bath\/#breadcrumb","itemListElement":[{"@type":"ListItem","position":1,"name":"Portada","item":"https:\/\/play.es\/es\/"},{"@type":"ListItem","position":2,"name":"Tienda","item":"https:\/\/play.es\/es\/tienda\/"},{"@type":"ListItem","position":3,"name":"Ba\u00f1era plegable Play Thermo Bath"}]},{"@type":"WebSite","@id":"https:\/\/play.es\/es\/#website","url":"https:\/\/play.es\/es\/","name":"Play","description":"","publisher":{"@id":"https:\/\/play.es\/es\/#organization"},"potentialAction":[{"@type":"SearchAction","target":{"@type":"EntryPoint","urlTemplate":"https:\/\/play.es\/es\/?s={search_term_string}"},"query-input":{"@type":"PropertyValueSpecification","valueRequired":true,"valueName":"search_term_string"}}],"inLanguage":"es"},{"@type":"Organization","@id":"https:\/\/play.es\/es\/#organization","name":"Play","url":"https:\/\/play.es\/es\/","logo":{"@type":"ImageObject","inLanguage":"es","@id":"https:\/\/play.es\/es\/#\/schema\/logo\/image\/","url":"https:\/\/play.es\/wp-content\/uploads\/logo-play-1.png","contentUrl":"https:\/\/play.es\/wp-content\/uploads\/logo-play-1.png","width":355,"height":80,"caption":"Play"},"image":{"@id":"https:\/\/play.es\/es\/#\/schema\/logo\/image\/"}}]}},"_links":{"self":[{"href":"https:\/\/play.es\/es\/wp-json\/wp\/v2\/product\/4329","targetHints":{"allow":["GET"]}}],"collection":[{"href":"https:\/\/play.es\/es\/wp-json\/wp\/v2\/product"}],"about":[{"href":"https:\/\/play.es\/es\/wp-json\/wp\/v2\/types\/product"}],"replies":[{"embeddable":true,"href":"https:\/\/play.es\/es\/wp-json\/wp\/v2\/comments?post=4329"}],"wp:featuredmedia":[{"embeddable":true,"href":"https:\/\/play.es\/es\/wp-json\/wp\/v2\/media\/4350"}],"wp:attachment":[{"href":"https:\/\/play.es\/es\/wp-json\/wp\/v2\/media?parent=4329"}],"wp:term":[{"taxonomy":"product_brand","embeddable":true,"href":"https:\/\/play.es\/es\/wp-json\/wp\/v2\/product_brand?post=4329"},{"taxonomy":"product_cat","embeddable":true,"href":"https:\/\/play.es\/es\/wp-json\/wp\/v2\/product_cat?post=4329"},{"taxonomy":"product_tag","embeddable":true,"href":"https:\/\/play.es\/es\/wp-json\/wp\/v2\/product_tag?post=4329"}],"curies":[{"name":"wp","href":"https:\/\/api.w.org\/{rel}","templated":true}]}}