{"id":2148,"date":"2024-09-27T11:32:47","date_gmt":"2024-09-27T11:32:47","guid":{"rendered":"https:\/\/play.es\/?page_id=2148"},"modified":"2024-10-10T10:41:53","modified_gmt":"2024-10-10T10:41:53","slug":"aesvi","status":"publish","type":"page","link":"https:\/\/play.es\/es\/aesvi\/","title":{"rendered":"AESVI"},"content":{"rendered":"\n<p>En el a\u00f1o 2017 y en el Congreso de los Diputados, Casualplay junto a otras empresas e instituciones, p\u00fablicas y privadas, todas ellas vinculadas de alguna forma a la seguridad vial infantil, funda AESVI, la Alianza Espa\u00f1ola para la Seguridad Vial Infantil.<\/p>\n\n\n\n<p><img loading=\"lazy\" decoding=\"async\" width=\"355\" height=\"301\" src=\"https:\/\/lh7-rt.googleusercontent.com\/docsz\/AD_4nXc_OD5vPBXeSMT2BZjfO9EjCUkT3NnqEVnV6N65h9GigkPI--iaY-6i96tVg-ipxfMRWUWQ8NBDqGf9e_HYnDvnPwb0D3ykdAnXTRHQ5Cbnp85FY4VAJu7pRjQ6dT94eGpAzZ19mKzpK8NGvjJ6XrndDE5B?key=-WgOCvqcirXdBfjZG4E42A\"><\/p>\n\n\n\n<p>Con la premisa de mejorar la protecci\u00f3n vial de los ni\u00f1os, se unen en un foro com\u00fan: fabricantes y distribuidores de sistemas de retenci\u00f3n infantiles, clubes automovil\u00edsticos, universidades, pediatras, urgencias, la Asociaci\u00f3n Nacional de Matronas, la DGT, el Servei Catal\u00e0 del Transit, la Direcci\u00f3n de Tr\u00e1fico del Pa\u00eds Vasco, los consumidores, la Asociaci\u00f3n Nacional de Seguridad Infantil, la CEAPA, las fuerzas y cuerpos de seguridad del Estado.<\/p>\n\n\n\n<p><strong>Compromiso<\/strong><\/p>\n\n\n\n<p>AESVi asume el compromiso real de mejorar la seguridad de los ni\u00f1os, con los siguientes objetivos:<\/p>\n\n\n\n<ul class=\"wp-block-list\">\n<li>Realizar campa\u00f1as divulgativas de concienciaci\u00f3n sobre la necesidad de llevar a los peque\u00f1os correctamente protegidos en el veh\u00edculo y ser un foro donde los usuarios puedan encontrar respuestas a sus dudas junto con informaci\u00f3n veraz sobre seguridad vial infantil.<\/li>\n\n\n\n<li>Mejorar la formaci\u00f3n de los profesionales encargados de la venta de dispositivos de retenci\u00f3n infantiles mediante su capacitaci\u00f3n t\u00e9cnica.<\/li>\n\n\n\n<li>Potenciar la informaci\u00f3n a los responsables de la seguridad de los menores.<\/li>\n\n\n\n<li>Investigar y promover los estudios t\u00e9cnicos que mejoren la seguridad y reduzcan el riesgo de los peque\u00f1os en los veh\u00edculos.<\/li>\n<\/ul>\n\n\n\n<p><strong>Estudios<\/strong><\/p>\n\n\n\n<p>Durante estos a\u00f1os AESVI, con la colaboraci\u00f3n activa de Casualplay, ha impulsado estudios e investigaciones que han permitido avanzar y conocer mejor el funcionamiento y uso de los sistemas de retenci\u00f3n infantil. Destacan los dos siguientes:<\/p>\n\n\n\n<p>&#8211;&nbsp; &nbsp; \u201cEfectos del uso y envejecimiento de los sistemas de retenci\u00f3n infantil\u201d, en \u00e9l los resultados mostraron un notable deterioro en la capacidad de protecci\u00f3n frente al impacto de SRI de segunda mano, generando situaciones de muy alto riesgo para el usuario. Siendo este estudio, referente para el Ministerio de Consumo en la prohibici\u00f3n de la compraventa de los sistemas de retenci\u00f3n infantil de segunda mano incompatibles con la normativa de homologaci\u00f3n vigente: la ECE R129 \/ i-Size.<\/p>\n\n\n\n<p>&#8211;&nbsp; &nbsp; \u201cRiesgos de la compra online directa de Sistemas de Retenci\u00f3n Infantil\u201d, quedando de manifiesto que ninguno de los SRI comprados en plataformas de venta extracomunitarias podr\u00eda haber sido homologado en sus condiciones actuales.<\/p>\n\n\n\n<figure class=\"wp-block-video\"><video height=\"1280\" style=\"aspect-ratio: 2048 \/ 1280;\" width=\"2048\" controls src=\"https:\/\/play.es\/wp-content\/uploads\/videoaesvi.mp4\"><\/video><\/figure>\n","protected":false},"excerpt":{"rendered":"<p>En el a\u00f1o 2017 y en el Congreso de los Diputados, Casualplay junto a otras empresas e instituciones, p\u00fablicas y privadas, todas ellas vinculadas de alguna forma a la seguridad &hellip;<\/p>\n","protected":false},"author":1,"featured_media":0,"parent":0,"menu_order":0,"comment_status":"closed","ping_status":"closed","template":"","meta":{"_acf_changed":false,"footnotes":""},"class_list":["post-2148","page","type-page","status-publish","hentry"],"acf":[],"yoast_head":"<!-- This site is optimized with the Yoast SEO plugin v27.1.1 - https:\/\/yoast.com\/product\/yoast-seo-wordpress\/ -->\n<title>AESVI - Play<\/title>\n<meta name=\"description\" content=\"Casualplay y otras entidades fundan AESVI, la Alianza Espa\u00f1ola para la Seguridad Vial Infantil, para mejorar la protecci\u00f3n vial de los ni\u00f1os mediante campa\u00f1as, formaci\u00f3n y estudios t\u00e9cnicos.\" \/>\n<meta name=\"robots\" content=\"index, follow, max-snippet:-1, max-image-preview:large, max-video-preview:-1\" \/>\n<link rel=\"canonical\" href=\"https:\/\/play.es\/es\/aesvi\/\" \/>\n<meta property=\"og:locale\" content=\"es_ES\" \/>\n<meta property=\"og:type\" content=\"article\" \/>\n<meta property=\"og:title\" content=\"AESVI - Play\" \/>\n<meta property=\"og:description\" content=\"Casualplay y otras entidades fundan AESVI, la Alianza Espa\u00f1ola para la Seguridad Vial Infantil, para mejorar la protecci\u00f3n vial de los ni\u00f1os mediante campa\u00f1as, formaci\u00f3n y estudios t\u00e9cnicos.\" \/>\n<meta property=\"og:url\" content=\"https:\/\/play.es\/es\/aesvi\/\" \/>\n<meta property=\"og:site_name\" content=\"Play\" \/>\n<meta property=\"article:modified_time\" content=\"2024-10-10T10:41:53+00:00\" \/>\n<meta property=\"og:image\" content=\"https:\/\/lh7-rt.googleusercontent.com\/docsz\/AD_4nXc_OD5vPBXeSMT2BZjfO9EjCUkT3NnqEVnV6N65h9GigkPI--iaY-6i96tVg-ipxfMRWUWQ8NBDqGf9e_HYnDvnPwb0D3ykdAnXTRHQ5Cbnp85FY4VAJu7pRjQ6dT94eGpAzZ19mKzpK8NGvjJ6XrndDE5B?key=-WgOCvqcirXdBfjZG4E42A\" \/>\n<meta name=\"twitter:card\" content=\"summary_large_image\" \/>\n<meta name=\"twitter:label1\" content=\"Tiempo de lectura\" \/>\n\t<meta name=\"twitter:data1\" content=\"2 minutos\" \/>\n<script type=\"application\/ld+json\" class=\"yoast-schema-graph\">{\"@context\":\"https:\/\/schema.org\",\"@graph\":[{\"@type\":\"WebPage\",\"@id\":\"https:\/\/play.es\/es\/aesvi\/\",\"url\":\"https:\/\/play.es\/es\/aesvi\/\",\"name\":\"AESVI - Play\",\"isPartOf\":{\"@id\":\"https:\/\/play.es\/es\/#website\"},\"primaryImageOfPage\":{\"@id\":\"https:\/\/play.es\/es\/aesvi\/#primaryimage\"},\"image\":{\"@id\":\"https:\/\/play.es\/es\/aesvi\/#primaryimage\"},\"thumbnailUrl\":\"https:\/\/lh7-rt.googleusercontent.com\/docsz\/AD_4nXc_OD5vPBXeSMT2BZjfO9EjCUkT3NnqEVnV6N65h9GigkPI--iaY-6i96tVg-ipxfMRWUWQ8NBDqGf9e_HYnDvnPwb0D3ykdAnXTRHQ5Cbnp85FY4VAJu7pRjQ6dT94eGpAzZ19mKzpK8NGvjJ6XrndDE5B?key=-WgOCvqcirXdBfjZG4E42A\",\"datePublished\":\"2024-09-27T11:32:47+00:00\",\"dateModified\":\"2024-10-10T10:41:53+00:00\",\"description\":\"Casualplay y otras entidades fundan AESVI, la Alianza Espa\u00f1ola para la Seguridad Vial Infantil, para mejorar la protecci\u00f3n vial de los ni\u00f1os mediante campa\u00f1as, formaci\u00f3n y estudios t\u00e9cnicos.\",\"breadcrumb\":{\"@id\":\"https:\/\/play.es\/es\/aesvi\/#breadcrumb\"},\"inLanguage\":\"es\",\"potentialAction\":[{\"@type\":\"ReadAction\",\"target\":[\"https:\/\/play.es\/es\/aesvi\/\"]}]},{\"@type\":\"ImageObject\",\"inLanguage\":\"es\",\"@id\":\"https:\/\/play.es\/es\/aesvi\/#primaryimage\",\"url\":\"https:\/\/lh7-rt.googleusercontent.com\/docsz\/AD_4nXc_OD5vPBXeSMT2BZjfO9EjCUkT3NnqEVnV6N65h9GigkPI--iaY-6i96tVg-ipxfMRWUWQ8NBDqGf9e_HYnDvnPwb0D3ykdAnXTRHQ5Cbnp85FY4VAJu7pRjQ6dT94eGpAzZ19mKzpK8NGvjJ6XrndDE5B?key=-WgOCvqcirXdBfjZG4E42A\",\"contentUrl\":\"https:\/\/lh7-rt.googleusercontent.com\/docsz\/AD_4nXc_OD5vPBXeSMT2BZjfO9EjCUkT3NnqEVnV6N65h9GigkPI--iaY-6i96tVg-ipxfMRWUWQ8NBDqGf9e_HYnDvnPwb0D3ykdAnXTRHQ5Cbnp85FY4VAJu7pRjQ6dT94eGpAzZ19mKzpK8NGvjJ6XrndDE5B?key=-WgOCvqcirXdBfjZG4E42A\"},{\"@type\":\"BreadcrumbList\",\"@id\":\"https:\/\/play.es\/es\/aesvi\/#breadcrumb\",\"itemListElement\":[{\"@type\":\"ListItem\",\"position\":1,\"name\":\"Portada\",\"item\":\"https:\/\/play.es\/es\/\"},{\"@type\":\"ListItem\",\"position\":2,\"name\":\"AESVI\"}]},{\"@type\":\"WebSite\",\"@id\":\"https:\/\/play.es\/es\/#website\",\"url\":\"https:\/\/play.es\/es\/\",\"name\":\"Play\",\"description\":\"\",\"publisher\":{\"@id\":\"https:\/\/play.es\/es\/#organization\"},\"potentialAction\":[{\"@type\":\"SearchAction\",\"target\":{\"@type\":\"EntryPoint\",\"urlTemplate\":\"https:\/\/play.es\/es\/?s={search_term_string}\"},\"query-input\":{\"@type\":\"PropertyValueSpecification\",\"valueRequired\":true,\"valueName\":\"search_term_string\"}}],\"inLanguage\":\"es\"},{\"@type\":\"Organization\",\"@id\":\"https:\/\/play.es\/es\/#organization\",\"name\":\"Play\",\"url\":\"https:\/\/play.es\/es\/\",\"logo\":{\"@type\":\"ImageObject\",\"inLanguage\":\"es\",\"@id\":\"https:\/\/play.es\/es\/#\/schema\/logo\/image\/\",\"url\":\"https:\/\/play.es\/wp-content\/uploads\/logo-play-1.png\",\"contentUrl\":\"https:\/\/play.es\/wp-content\/uploads\/logo-play-1.png\",\"width\":355,\"height\":80,\"caption\":\"Play\"},\"image\":{\"@id\":\"https:\/\/play.es\/es\/#\/schema\/logo\/image\/\"}}]}<\/script>\n<!-- \/ Yoast SEO plugin. -->","yoast_head_json":{"title":"AESVI - Play","description":"Casualplay y otras entidades fundan AESVI, la Alianza Espa\u00f1ola para la Seguridad Vial Infantil, para mejorar la protecci\u00f3n vial de los ni\u00f1os mediante campa\u00f1as, formaci\u00f3n y estudios t\u00e9cnicos.","robots":{"index":"index","follow":"follow","max-snippet":"max-snippet:-1","max-image-preview":"max-image-preview:large","max-video-preview":"max-video-preview:-1"},"canonical":"https:\/\/play.es\/es\/aesvi\/","og_locale":"es_ES","og_type":"article","og_title":"AESVI - Play","og_description":"Casualplay y otras entidades fundan AESVI, la Alianza Espa\u00f1ola para la Seguridad Vial Infantil, para mejorar la protecci\u00f3n vial de los ni\u00f1os mediante campa\u00f1as, formaci\u00f3n y estudios t\u00e9cnicos.","og_url":"https:\/\/play.es\/es\/aesvi\/","og_site_name":"Play","article_modified_time":"2024-10-10T10:41:53+00:00","og_image":[{"url":"https:\/\/lh7-rt.googleusercontent.com\/docsz\/AD_4nXc_OD5vPBXeSMT2BZjfO9EjCUkT3NnqEVnV6N65h9GigkPI--iaY-6i96tVg-ipxfMRWUWQ8NBDqGf9e_HYnDvnPwb0D3ykdAnXTRHQ5Cbnp85FY4VAJu7pRjQ6dT94eGpAzZ19mKzpK8NGvjJ6XrndDE5B?key=-WgOCvqcirXdBfjZG4E42A","type":"","width":"","height":""}],"twitter_card":"summary_large_image","twitter_misc":{"Tiempo de lectura":"2 minutos"},"schema":{"@context":"https:\/\/schema.org","@graph":[{"@type":"WebPage","@id":"https:\/\/play.es\/es\/aesvi\/","url":"https:\/\/play.es\/es\/aesvi\/","name":"AESVI - Play","isPartOf":{"@id":"https:\/\/play.es\/es\/#website"},"primaryImageOfPage":{"@id":"https:\/\/play.es\/es\/aesvi\/#primaryimage"},"image":{"@id":"https:\/\/play.es\/es\/aesvi\/#primaryimage"},"thumbnailUrl":"https:\/\/lh7-rt.googleusercontent.com\/docsz\/AD_4nXc_OD5vPBXeSMT2BZjfO9EjCUkT3NnqEVnV6N65h9GigkPI--iaY-6i96tVg-ipxfMRWUWQ8NBDqGf9e_HYnDvnPwb0D3ykdAnXTRHQ5Cbnp85FY4VAJu7pRjQ6dT94eGpAzZ19mKzpK8NGvjJ6XrndDE5B?key=-WgOCvqcirXdBfjZG4E42A","datePublished":"2024-09-27T11:32:47+00:00","dateModified":"2024-10-10T10:41:53+00:00","description":"Casualplay y otras entidades fundan AESVI, la Alianza Espa\u00f1ola para la Seguridad Vial Infantil, para mejorar la protecci\u00f3n vial de los ni\u00f1os mediante campa\u00f1as, formaci\u00f3n y estudios t\u00e9cnicos.","breadcrumb":{"@id":"https:\/\/play.es\/es\/aesvi\/#breadcrumb"},"inLanguage":"es","potentialAction":[{"@type":"ReadAction","target":["https:\/\/play.es\/es\/aesvi\/"]}]},{"@type":"ImageObject","inLanguage":"es","@id":"https:\/\/play.es\/es\/aesvi\/#primaryimage","url":"https:\/\/lh7-rt.googleusercontent.com\/docsz\/AD_4nXc_OD5vPBXeSMT2BZjfO9EjCUkT3NnqEVnV6N65h9GigkPI--iaY-6i96tVg-ipxfMRWUWQ8NBDqGf9e_HYnDvnPwb0D3ykdAnXTRHQ5Cbnp85FY4VAJu7pRjQ6dT94eGpAzZ19mKzpK8NGvjJ6XrndDE5B?key=-WgOCvqcirXdBfjZG4E42A","contentUrl":"https:\/\/lh7-rt.googleusercontent.com\/docsz\/AD_4nXc_OD5vPBXeSMT2BZjfO9EjCUkT3NnqEVnV6N65h9GigkPI--iaY-6i96tVg-ipxfMRWUWQ8NBDqGf9e_HYnDvnPwb0D3ykdAnXTRHQ5Cbnp85FY4VAJu7pRjQ6dT94eGpAzZ19mKzpK8NGvjJ6XrndDE5B?key=-WgOCvqcirXdBfjZG4E42A"},{"@type":"BreadcrumbList","@id":"https:\/\/play.es\/es\/aesvi\/#breadcrumb","itemListElement":[{"@type":"ListItem","position":1,"name":"Portada","item":"https:\/\/play.es\/es\/"},{"@type":"ListItem","position":2,"name":"AESVI"}]},{"@type":"WebSite","@id":"https:\/\/play.es\/es\/#website","url":"https:\/\/play.es\/es\/","name":"Play","description":"","publisher":{"@id":"https:\/\/play.es\/es\/#organization"},"potentialAction":[{"@type":"SearchAction","target":{"@type":"EntryPoint","urlTemplate":"https:\/\/play.es\/es\/?s={search_term_string}"},"query-input":{"@type":"PropertyValueSpecification","valueRequired":true,"valueName":"search_term_string"}}],"inLanguage":"es"},{"@type":"Organization","@id":"https:\/\/play.es\/es\/#organization","name":"Play","url":"https:\/\/play.es\/es\/","logo":{"@type":"ImageObject","inLanguage":"es","@id":"https:\/\/play.es\/es\/#\/schema\/logo\/image\/","url":"https:\/\/play.es\/wp-content\/uploads\/logo-play-1.png","contentUrl":"https:\/\/play.es\/wp-content\/uploads\/logo-play-1.png","width":355,"height":80,"caption":"Play"},"image":{"@id":"https:\/\/play.es\/es\/#\/schema\/logo\/image\/"}}]}},"_links":{"self":[{"href":"https:\/\/play.es\/es\/wp-json\/wp\/v2\/pages\/2148","targetHints":{"allow":["GET"]}}],"collection":[{"href":"https:\/\/play.es\/es\/wp-json\/wp\/v2\/pages"}],"about":[{"href":"https:\/\/play.es\/es\/wp-json\/wp\/v2\/types\/page"}],"author":[{"embeddable":true,"href":"https:\/\/play.es\/es\/wp-json\/wp\/v2\/users\/1"}],"replies":[{"embeddable":true,"href":"https:\/\/play.es\/es\/wp-json\/wp\/v2\/comments?post=2148"}],"version-history":[{"count":0,"href":"https:\/\/play.es\/es\/wp-json\/wp\/v2\/pages\/2148\/revisions"}],"wp:attachment":[{"href":"https:\/\/play.es\/es\/wp-json\/wp\/v2\/media?parent=2148"}],"curies":[{"name":"wp","href":"https:\/\/api.w.org\/{rel}","templated":true}]}}